{"id":1345,"date":"2024-11-04T13:36:30","date_gmt":"2024-11-04T13:36:30","guid":{"rendered":"https:\/\/flymedica.com\/?page_id=1345"},"modified":"2025-04-07T17:37:53","modified_gmt":"2025-04-07T17:37:53","slug":"widerrufsbelehrung","status":"publish","type":"page","link":"https:\/\/flymedica.com\/de\/widerrufsbelehrung\/","title":{"rendered":"Widerrufsbelehrung"},"content":{"rendered":"\t\t<div data-elementor-type=\"wp-page\" data-elementor-id=\"1345\" class=\"elementor elementor-1345\" data-elementor-post-type=\"page\">\n\t\t\t\t\t\t<section class=\"elementor-section elementor-top-section elementor-element elementor-element-f5e24cf elementor-section-boxed elementor-section-height-default elementor-section-height-default\" data-id=\"f5e24cf\" data-element_type=\"section\" data-e-type=\"section\">\n\t\t\t\t\t\t<div class=\"elementor-container elementor-column-gap-default\">\n\t\t\t\t\t<div class=\"elementor-column elementor-col-100 elementor-top-column elementor-element elementor-element-252e7cf\" data-id=\"252e7cf\" data-element_type=\"column\" data-e-type=\"column\">\n\t\t\t<div class=\"elementor-widget-wrap elementor-element-populated\">\n\t\t\t\t\t\t<div class=\"elementor-element elementor-element-dcc0dc0 elementor-widget elementor-widget-text-editor\" data-id=\"dcc0dc0\" data-element_type=\"widget\" data-e-type=\"widget\" data-widget_type=\"text-editor.default\">\n\t\t\t\t\t\t\t\t\t<p>Sie haben das Recht, binnen vierzehn Tagen ohne Angabe von Gr\u00fcnden diesen Vertrag zu widerru-<\/p><p>fen. Die Widerrufsfrist betr\u00e4gt vierzehn Tage ab dem Tag des Vertragsabschlusses.<\/p><p>Um Ihr Widerrufsrecht auszu\u00fcben, m\u00fcssen Sie uns \u201eFlyMedica Sp. z o.o., Plac Andersa 7, 61036<\/p><p>Poznan kontakt@flymedica.com Tel. +49 5131 903 9996<b> <\/b>mittels einer eindeutigen Erkl\u00e4rung (z.B.<\/p><p>ein mit der Post versandter Brief oder E-Mail) \u00fcber Ihren Entschluss, diesen Vertrag zu wi-<\/p><p>derrufen, informieren. Sie k\u00f6nnen daf\u00fcr das unten aufgef\u00fchrte Muster-Widerrufsformular verwen-<\/p><p>den, das jedoch nicht vorgeschrieben ist.<\/p><p>Zur Wahrung der Widerrufsfrist reicht es aus, dass Sie die Mitteilung \u00fcber die Aus\u00fcbung des Wi-<\/p><p>derrufsrechts vor Ablauf der Widerrufsfrist absenden.<\/p><p>\u00a0<\/p><p style=\"text-align: center;\"><b>Folgen des Widerrufs<\/b><\/p><p>Wenn Sie diesen Vertrag widerrufen, haben wir Ihnen alle Zahlungen, die wir von Ihnen erhalten<\/p><p>haben, einschlie\u00dflich der Lieferkosten (mit Ausnahme der zus\u00e4tzlichen Kosten, die sich daraus erge-<\/p><p>ben, dass Sie eine andere Art der Lieferung als die von uns angebotene, g\u00fcnstigste Standardliefe-<\/p><p>rung gew\u00e4hlt haben), unverz\u00fcglich und sp\u00e4testens binnen vierzehn Tagen ab dem Tag zur\u00fcckzu-<\/p><p>zahlen, an dem die Mitteilung \u00fcber Ihren Widerruf dieses Vertrags bei uns eingegangen ist. F\u00fcr<\/p><p>diese R\u00fcckzahlung verwenden wir dasselbe Zahlungsmittel, das Sie bei der urspr\u00fcnglichen Transak-<\/p><p>tion eingesetzt haben, es sei denn, mit Ihnen wurde ausdr\u00fccklich etwas anderes vereinbart; in kei-<\/p><p>nem Fall werden Ihnen wegen dieser R\u00fcckzahlung Entgelte berechnet.<\/p><p>Haben Sie verlangt, dass die Dienstleistungen w\u00e4hrend der Widerrufsfrist beginnen sollen, so ha-<\/p><p>ben Sie uns einen angemessenen Betrag zu zahlen, der dem Anteil der bis zu dem Zeitpunkt, zu<\/p><p>dem Sie uns von der Aus\u00fcbung des Widerrufsrechts hinsichtlich dieses Vertrags unterrichten, be-<\/p><p>reits erbrachten Dienst Leistungen im Vergleich zum Gesamtumfang der im Vertrag vorgesehenen<\/p><p>Dienstleistungen entspricht.<b>Muster-Widerrufsformular<\/b><\/p><p>Wenn Sie den Vertrag widerrufen m\u00f6chten, dann k\u00f6nnen Sie dieses Formular ausf\u00fcllen und an uns<\/p><p>zur\u00fccksenden. Die Verwendung dieses Formulars ist f\u00fcr die Aus\u00fcbung des Widerrufs jedoch nicht<\/p><p>verpflichtend, es reicht eine eindeutige Erkl\u00e4rung \u00fcber Ihren Willen, den Vertrag widerrufen zu wollen.<\/p><p>Hiermit widerrufe(n) ich\/wir(*) den mit FlyMedica Sp. z o.o., Plac Andersa 7, 61036 Poznan<\/p><p>kontakt@flymedica.com Tel. +49 5131 903 9996 abgeschlossenen Vertrag.<\/p><p>Auftrag erteilt am:<\/p><p>Ihr Name:<\/p><p>Ihre Anschrift:<\/p><p>____________________________________________<\/p><p>Datum und Unterschrift (nur bei Mitteilung auf Papier)<\/p>\t\t\t\t\t\t\t\t<\/div>\n\t\t\t\t\t<\/div>\n\t\t<\/div>\n\t\t\t\t\t<\/div>\n\t\t<\/section>\n\t\t\t\t<\/div>\n\t\t","protected":false},"excerpt":{"rendered":"<p>Sie haben das Recht, binnen vierzehn Tagen ohne Angabe von Gr\u00fcnden diesen Vertrag zu widerru- fen. Die Widerrufsfrist betr\u00e4gt vierzehn Tage ab dem Tag des Vertragsabschlusses. Um Ihr Widerrufsrecht auszu\u00fcben, m\u00fcssen Sie uns \u201eFlyMedica Sp. z o.o., Plac Andersa 7, 61036 Poznan kontakt@flymedica.com Tel. +49 5131 903 9996 mittels einer eindeutigen Erkl\u00e4rung (z.B. ein mit [&hellip;]<\/p>\n","protected":false},"author":1,"featured_media":0,"parent":0,"menu_order":0,"comment_status":"closed","ping_status":"closed","template":"","meta":{"footnotes":""},"class_list":["post-1345","page","type-page","status-publish","hentry"],"_links":{"self":[{"href":"https:\/\/flymedica.com\/de\/wp-json\/wp\/v2\/pages\/1345","targetHints":{"allow":["GET"]}}],"collection":[{"href":"https:\/\/flymedica.com\/de\/wp-json\/wp\/v2\/pages"}],"about":[{"href":"https:\/\/flymedica.com\/de\/wp-json\/wp\/v2\/types\/page"}],"author":[{"embeddable":true,"href":"https:\/\/flymedica.com\/de\/wp-json\/wp\/v2\/users\/1"}],"replies":[{"embeddable":true,"href":"https:\/\/flymedica.com\/de\/wp-json\/wp\/v2\/comments?post=1345"}],"version-history":[{"count":0,"href":"https:\/\/flymedica.com\/de\/wp-json\/wp\/v2\/pages\/1345\/revisions"}],"wp:attachment":[{"href":"https:\/\/flymedica.com\/de\/wp-json\/wp\/v2\/media?parent=1345"}],"curies":[{"name":"wp","href":"https:\/\/api.w.org\/{rel}","templated":true}]}}