{"id":1343,"date":"2024-11-04T13:36:29","date_gmt":"2024-11-04T13:36:29","guid":{"rendered":"https:\/\/flymedica.com\/?page_id=1343"},"modified":"2025-04-07T17:08:25","modified_gmt":"2025-04-07T17:08:25","slug":"agb","status":"publish","type":"page","link":"https:\/\/flymedica.com\/de\/agb\/","title":{"rendered":"AGB"},"content":{"rendered":"\t\t<div data-elementor-type=\"wp-page\" data-elementor-id=\"1343\" class=\"elementor elementor-1343\" data-elementor-post-type=\"page\">\n\t\t\t\t\t\t<section class=\"elementor-section elementor-top-section elementor-element elementor-element-db26c6b elementor-section-boxed elementor-section-height-default elementor-section-height-default\" data-id=\"db26c6b\" data-element_type=\"section\" data-e-type=\"section\">\n\t\t\t\t\t\t<div class=\"elementor-container elementor-column-gap-default\">\n\t\t\t\t\t<div class=\"elementor-column elementor-col-100 elementor-top-column elementor-element elementor-element-124a497\" data-id=\"124a497\" data-element_type=\"column\" data-e-type=\"column\">\n\t\t\t<div class=\"elementor-widget-wrap elementor-element-populated\">\n\t\t\t\t\t\t<div class=\"elementor-element elementor-element-4ce3bf0 elementor-widget elementor-widget-text-editor\" data-id=\"4ce3bf0\" data-element_type=\"widget\" data-e-type=\"widget\" data-widget_type=\"text-editor.default\">\n\t\t\t\t\t\t\t\t\t<p style=\"text-align: center;\"><strong>Allgemeine Gesch\u00e4ftsbedingungen<\/strong><\/p><p>Die vorliegenden Allgemeinen Gesch\u00e4ftsbedingungen sollen einen rechtlichen<\/p><p>Rahmen f\u00fcr die Nutzungsbedingungen der Dienstleistungen und<\/p><p>Gesch\u00e4ftsbesorgungen schaffen, die auf www.flymedica.de angeboten werden.<\/p><p style=\"text-align: center;\"><strong>\u00a7 1<\/strong><\/p><p style=\"text-align: center;\"><strong>Geltungsbereich<\/strong><\/p><p>I.<\/p><p>Diese Allgemeinen Gesch\u00e4ftsbedingungen (nachfolgend nur als<\/p><p>\u201eAGB\u201c bezeichnet) regeln das Vertragsverh\u00e4ltnis \u00fcber die Nutzung von<\/p><p>Dienstleistungen und Gesch\u00e4ftsbesorgungen, die vom Webseiten-Betreiber<\/p><p>auf der Webseite \u201ewww.flymedica.de\u201c (nachfolgend nur als &#8222;Webseite&#8220;<\/p><p>bezeichnet) angeboten werden.<\/p><p>II.<\/p><p>Die AGB richten sich ausschlie\u00dflich an Verbraucher im Sinne des \u00a7 13<\/p><p>BGB (nachfolgend nur als \u201eVerbraucher\u201c bezeichnet), wobei ein<\/p><p>Verbraucher jede nat\u00fcrliche Person ist, die ein Rechtsgesch\u00e4ft zu<\/p><p>Zwecken abschlie\u00dft, die \u00fcberwiegend weder ihrer gewerblichen noch ihrer<\/p><p>selbst\u00e4ndigen beruflichen T\u00e4tigkeit zugerechnet werden k\u00f6nnen.<\/p><p>III.<\/p><p>Betreiber der Webseite ist: FlyMedica Sp. z o.o., Ul. D\u0105browskiego 77a, 60-529<\/p><p>Poznan, Tel. +9 5131 903 9996 (nachfolgend nur als \u201eFlymedica\u201c bezeichnet).<\/p><p style=\"text-align: center;\"><strong>\u00a7 2<\/strong><\/p><p style=\"text-align: center;\"><strong>Vertragsabschluss und Vertragsinhalt<\/strong><\/p><p>I.<\/p><p>Die Webseite erm\u00f6glicht den Zugang zu den folgenden Dienstleistungen und<\/p><p>Gesch\u00e4ftsbesorgungen:<\/p><p>1. Bereitstellung von Informationen und Informationsmaterial \u00fcber<\/p><p>medizinische Einrichtungen und Kliniken in der T\u00fcrkei.<\/p><p>2. Erm\u00f6glichung der Kontaktaufnahme und Weiterleitung der vom<\/p><p>Verbraucher \u00fcbermittelten Daten an medizinische Einrichtungen und<\/p><p>Kliniken in der T\u00fcrkei.<\/p><p>3. Terminvereinbarung mit medizinischen Einrichtungen und Kliniken in der<\/p><p>T\u00fcrkei.<\/p><p>II.<\/p><p>Die Pr\u00e4sentation der Dienstleistungen und Gesch\u00e4ftsbesorgungen auf<\/p><p>der Webseite stellt ein rechtlich wirksames Angebot dar. Durch einen Klick auf<\/p><p>den Button [SENDEN] nimmt der Verbraucher das Angebot an. Der Vertrag<\/p><p>kommt zustande mit FlyMedica Sp. z o.o., Ul. D\u0105browskiego 77a, 60-529 Poznan<\/p><p>kontakt@flymedica.com Tel. +49 5131 903 9996.<\/p><p>III.<\/p><p>Die Webseite einschlie\u00dflich der angebotenen Dienstleistungen und<\/p><p>Gesch\u00e4ftsbesorgungen ist f\u00fcr den Verbraucher kostenlos. Solche Kosten, die dem<\/p><p>Verbraucher f\u00fcr den Besuch und den Zugriff auf die Webseite einschlie\u00dflich der<\/p><p>angebotenen Dienstleistungen und Gesch\u00e4ftsbesorgungen entstehen (zum<\/p><p>Beispiel: Hardware, Software und Internetverbindung), werden vom Verbraucher<\/p><p>selbst getragen.<\/p><p>IV.<\/p><p>Die Informationen und das Informationsmaterial \u00fcber medizinische Einrichtungen<\/p><p>und Kliniken in der T\u00fcrkei, die von Flymedica bereitgestellt werden, beruhen<\/p><p>ausschlie\u00dflich auf den Angaben der verantwortlichen Leistungserbringer<\/p><p>gegen\u00fcber Flymedica.<\/p><p>V.<\/p><p>Die Pflicht von Flymedica zur Terminvereinbarung mit medizinischen<\/p><p>Einrichtungen und Kliniken in der T\u00fcrkei besteht erst dann, wenn der Verbraucher<\/p><p>an Flymedica den Nachweis einer Flugticket-Buchung \u00fcbersendet hat.<\/p><p>VI.<\/p><p>Die auf der Webseite angebotenen Dienstleistungen und Gesch\u00e4ftsbesorgungen<\/p><p>umfassen keine Bef\u00f6rderungs-, Transfer-, Reise- oder sonstige Reiseorganisationsleistungen sowie keine medizinischen Beratungs-,<\/p><p>Behandlungs- und Operationsleistungen. Flymedica ist kein Reiseveranstalter und<\/p><p>keine medizinische Einrichtung oder Klinik.<\/p><p>VII.<\/p><p>Die auf der Webseite angebotenen Dienstleistungen und Gesch\u00e4ftsbesorgungen<\/p><p>umfassen keine Vermittlungst\u00e4tigkeiten von Bef\u00f6rderungs-, Transfer-,<\/p><p>Reise- oder sonstige Reiseorganisationsleistungen. Zwischen Flymedica<\/p><p>und dem Verbraucher kommt kein Reisevermittlungsvertrag zustande.<\/p><p>VIII.<\/p><p>Die in Absatz VI. und VII. ausgeschlossenen Leistungen bed\u00fcrfen<\/p><p>einer ausdr\u00fccklichen Vereinbarung durch Vertrag mit entsprechenden<\/p><p>Reise- und Bef\u00f6rderungsunternehmen und\/oder einer medizinischen Einrichtung<\/p><p>oder Klinik.<\/p><p style=\"text-align: center;\"><strong>\u00a7 3<\/strong><\/p><p style=\"text-align: center;\"><strong>Verf\u00fcgbarkeit der Webseite<\/strong><\/p><p>Die Webseite hat eine Verf\u00fcgbarkeit von 24 Stunden am Tag. Es kann<\/p><p>jedoch vorkommen, dass es aufgrund von Wartungen, die f\u00fcr das Webseiten-<\/p><p>System erforderlich sind, zu Unterbrechungen der Verf\u00fcgbarkeit<\/p><p>kommt. Unterbrechungen der Verf\u00fcgbarkeit k\u00f6nnen insbesondere auch aufgrund<\/p><p>h\u00f6herer Gewalt oder anderen, von Flymedica nicht zu vertretenden Ursachen,<\/p><p>wie zum Beispiel Vorsatz oder grobe Fahrl\u00e4ssigkeit Dritter, vorkommen.<\/p><p>Flymedica weist darauf hin, dass die Verf\u00fcgbarkeit der Webseite von<\/p><p>au\u00dferhalb des Einflussbereichs von Flymedica liegenden Bedingungen und<\/p><p>Leistungen abh\u00e4ngig ist, wie zum Beispiel den \u00dcbertragungskapazit\u00e4ten und<\/p><p>Telefonverbindungen zwischen den einzelnen Beteiligten.<\/p><p style=\"text-align: center;\"><strong>\u00a7 4<\/strong><\/p><p style=\"text-align: center;\"><strong>Urheberrecht und Datenbankrechte<\/strong><\/p><p>Der gesamte Inhalt, der auf der Webseite bereitgestellt wird oder in einer<\/p><p>Dienstleistung oder Gesch\u00e4ftsbesorgung von Flymedica enthalten ist, wie<\/p><p>zum Beispiel Texte, Grafiken, Logos, Button-Icons, Bilder, Audio-Clips, digitale<\/p><p>Downloads und Datensammlungen, ist geistiges Eigentum von Flymedica oder<\/p><p>von Dritten, die Inhalte zuliefern oder auf der Webseite bereitstellen.<\/p><p style=\"text-align: center;\"><strong><span style=\"font-family: var( --e-global-typography-text-font-family ), Sans-serif; font-size: 1rem;\">\u00a7 5<\/span><\/strong><\/p><p style=\"text-align: center;\"><strong>Haftung und Haftungsausschluss<\/strong><\/p><p style=\"text-align: left;\">I.<\/p><p>F\u00fcr Anspr\u00fcche aufgrund von Sch\u00e4den, die durch Flymedica, seinen<\/p><p>gesetzlichen Vertretern oder Erf\u00fcllungsgehilfen verursacht wurden, haftet<\/p><p>Flymedica stets unbeschr\u00e4nkt<\/p><p>1. 2. 3. 4. bei Verletzung des Lebens, des K\u00f6rpers oder der Gesundheit,<\/p><p>bei vors\u00e4tzlicher oder grob fahrl\u00e4ssiger Pflichtverletzung,<\/p><p>bei Garantieversprechen, soweit vereinbart, oder<\/p><p>soweit der Anwendungsbereich des Produkthaftungsgesetzes er\u00f6ffnet<\/p><p>ist.<\/p><p>II.<\/p><p>Bei Verletzung wesentlicher Vertragspflichten, deren Erf\u00fcllung<\/p><p>die ordnungsgem\u00e4\u00dfe Durchf\u00fchrung des Vertrages \u00fcberhaupt erst erm\u00f6glicht und<\/p><p>auf deren Einhaltung der Vertragspartner regelm\u00e4\u00dfig vertrauen darf (im<\/p><p>Folgenden als \u201eKardinalpflichten\u201c bezeichnet), durch leichte Fahrl\u00e4ssigkeit von<\/p><p>Flymedica, seinen gesetzlichen Vertretern oder Erf\u00fcllungsgehilfen ist die Haftung<\/p><p>der H\u00f6he nach auf den bei Vertragsschluss vorhersehbaren Schaden begrenzt,<\/p><p>mit dessen Entstehung typischerweise gerechnet werden muss.<\/p><p>III.<\/p><p>Im \u00dcbrigen sind Anspr\u00fcche auf Schadensersatz ausgeschlossen.<\/p><p style=\"text-align: center;\"><strong>\u00a7 6<\/strong><\/p><p style=\"text-align: center;\"><strong>Streitbeilegungsverfahren<\/strong><\/p><p>Flymedica ist nicht bereit oder verpflichtet, an Streitbeilegungsverfahren vor<\/p><p>einer Verbraucherschlichtungsstelle teilzunehmen.<\/p><p style=\"text-align: center;\"><strong>\u00a7 7<\/strong><\/p><p style=\"text-align: center;\"><strong>Widerrufsrecht<\/strong><\/p><p>Verbraucher haben ein gesetzliches Widerrufsrecht gem\u00e4\u00df der unter<\/p><p>[bitte Fundstellen-Link einf\u00fcgen] aufgef\u00fchrten Widerrufsbelehrung.<\/p>\t\t\t\t\t\t\t\t<\/div>\n\t\t\t\t\t<\/div>\n\t\t<\/div>\n\t\t\t\t\t<\/div>\n\t\t<\/section>\n\t\t\t\t<\/div>\n\t\t","protected":false},"excerpt":{"rendered":"<p>Allgemeine Gesch\u00e4ftsbedingungen Die vorliegenden Allgemeinen Gesch\u00e4ftsbedingungen sollen einen rechtlichen Rahmen f\u00fcr die Nutzungsbedingungen der Dienstleistungen und Gesch\u00e4ftsbesorgungen schaffen, die auf www.flymedica.de angeboten werden. \u00a7 1 Geltungsbereich I. Diese Allgemeinen Gesch\u00e4ftsbedingungen (nachfolgend nur als \u201eAGB\u201c bezeichnet) regeln das Vertragsverh\u00e4ltnis \u00fcber die Nutzung von Dienstleistungen und Gesch\u00e4ftsbesorgungen, die vom Webseiten-Betreiber auf der Webseite \u201ewww.flymedica.de\u201c (nachfolgend nur als [&hellip;]<\/p>\n","protected":false},"author":1,"featured_media":0,"parent":0,"menu_order":0,"comment_status":"closed","ping_status":"closed","template":"","meta":{"footnotes":""},"class_list":["post-1343","page","type-page","status-publish","hentry"],"_links":{"self":[{"href":"https:\/\/flymedica.com\/de\/wp-json\/wp\/v2\/pages\/1343","targetHints":{"allow":["GET"]}}],"collection":[{"href":"https:\/\/flymedica.com\/de\/wp-json\/wp\/v2\/pages"}],"about":[{"href":"https:\/\/flymedica.com\/de\/wp-json\/wp\/v2\/types\/page"}],"author":[{"embeddable":true,"href":"https:\/\/flymedica.com\/de\/wp-json\/wp\/v2\/users\/1"}],"replies":[{"embeddable":true,"href":"https:\/\/flymedica.com\/de\/wp-json\/wp\/v2\/comments?post=1343"}],"version-history":[{"count":0,"href":"https:\/\/flymedica.com\/de\/wp-json\/wp\/v2\/pages\/1343\/revisions"}],"wp:attachment":[{"href":"https:\/\/flymedica.com\/de\/wp-json\/wp\/v2\/media?parent=1343"}],"curies":[{"name":"wp","href":"https:\/\/api.w.org\/{rel}","templated":true}]}}