{"id":1342,"date":"2024-11-04T13:36:28","date_gmt":"2024-11-04T13:36:28","guid":{"rendered":"https:\/\/flymedica.com\/?page_id=1342"},"modified":"2025-04-07T17:22:01","modified_gmt":"2025-04-07T17:22:01","slug":"impressum","status":"publish","type":"page","link":"https:\/\/flymedica.com\/de\/impressum\/","title":{"rendered":"Impressum"},"content":{"rendered":"\t\t<div data-elementor-type=\"wp-page\" data-elementor-id=\"1342\" class=\"elementor elementor-1342\" data-elementor-post-type=\"page\">\n\t\t\t\t\t\t<section class=\"elementor-section elementor-top-section elementor-element elementor-element-66f84be elementor-section-boxed elementor-section-height-default elementor-section-height-default\" data-id=\"66f84be\" data-element_type=\"section\" data-e-type=\"section\">\n\t\t\t\t\t\t<div class=\"elementor-container elementor-column-gap-default\">\n\t\t\t\t\t<div class=\"elementor-column elementor-col-100 elementor-top-column elementor-element elementor-element-6ab5426\" data-id=\"6ab5426\" data-element_type=\"column\" data-e-type=\"column\">\n\t\t\t<div class=\"elementor-widget-wrap elementor-element-populated\">\n\t\t\t\t\t\t<div class=\"elementor-element elementor-element-678f570 elementor-widget elementor-widget-text-editor\" data-id=\"678f570\" data-element_type=\"widget\" data-e-type=\"widget\" data-widget_type=\"text-editor.default\">\n\t\t\t\t\t\t\t\t\t<p style=\"text-align: center;\"><b>HSC A\u011eIZ VE D\u0130\u015e SA\u011eLI\u011eI MERKEZ\u0130 T\u0130CARET L\u0130M\u0130TED \u015e\u0130RKET\u0130<\/b><\/p><p>Adresse: Altunizade K\u0131s\u0131kl\u0131 St. Sarkuysan-Ak Business Center No:4\/2 \/ Inner Door No:9 \/ 34662<\/p><p>\u00dcsk\u00fcdar\/\u0130stanbul, T\u00fcrkei<\/p><p>Telefonnummer: +90 850 305 9595<\/p><p>E-Mail: hello@hsctr.com<\/p><p>Gesch\u00e4ftsf\u00fchrer: MAHMUT RECA\u0130 KUTLU<\/p><p>Handelsregister: \u0130STANBUL T\u0130CARET ODASI<\/p><p>Handelsregisternummer: 355546-5<\/p><p>Umsatzsteuer-Identifikationsnummer(n): 4641812629<\/p><p>Registereintrag Mersis No: 0464181262900001<\/p><p>Datenschutzbeauftragter: FAT\u0130H T\u00dcRKSEVEN<\/p><p>Inhaltlich Verantwortlicher: FAT\u0130H T\u00dcRKSEVEN<\/p><p>Das Impressum gilt nur f\u00fcr die Internetpr\u00e4senz unter der Adresse: flymedica.de<\/p><p>Zweck dieses Webprojektes: Vermittlung und Organisation von Gesundheitsreisen in die T\u00fcrkei.<\/p><p>Die Europ\u00e4ische Kommission stellt eine Plattform zur Online-Streitbeilegung (OS) bereit, die Sie hier<\/p><p>finden https:\/\/ec.europa.eu\/consumers\/odr\/. Zur Teilnahme an einem Streitbeilegungsverfahren vor<\/p><p>einer Verbraucherschlichtungsstelle sind wir nicht verpflichtet und nicht bereit.<\/p>\t\t\t\t\t\t\t\t<\/div>\n\t\t\t\t\t<\/div>\n\t\t<\/div>\n\t\t\t\t\t<\/div>\n\t\t<\/section>\n\t\t\t\t<\/div>\n\t\t","protected":false},"excerpt":{"rendered":"<p>HSC A\u011eIZ VE D\u0130\u015e SA\u011eLI\u011eI MERKEZ\u0130 T\u0130CARET L\u0130M\u0130TED \u015e\u0130RKET\u0130 Adresse: Altunizade K\u0131s\u0131kl\u0131 St. Sarkuysan-Ak Business Center No:4\/2 \/ Inner Door No:9 \/ 34662 \u00dcsk\u00fcdar\/\u0130stanbul, T\u00fcrkei Telefonnummer: +90 850 305 9595 E-Mail: hello@hsctr.com Gesch\u00e4ftsf\u00fchrer: MAHMUT RECA\u0130 KUTLU Handelsregister: \u0130STANBUL T\u0130CARET ODASI Handelsregisternummer: 355546-5 Umsatzsteuer-Identifikationsnummer(n): 4641812629 Registereintrag Mersis No: 0464181262900001 Datenschutzbeauftragter: FAT\u0130H T\u00dcRKSEVEN Inhaltlich Verantwortlicher: FAT\u0130H T\u00dcRKSEVEN [&hellip;]<\/p>\n","protected":false},"author":1,"featured_media":0,"parent":0,"menu_order":0,"comment_status":"closed","ping_status":"closed","template":"","meta":{"footnotes":""},"class_list":["post-1342","page","type-page","status-publish","hentry"],"_links":{"self":[{"href":"https:\/\/flymedica.com\/de\/wp-json\/wp\/v2\/pages\/1342","targetHints":{"allow":["GET"]}}],"collection":[{"href":"https:\/\/flymedica.com\/de\/wp-json\/wp\/v2\/pages"}],"about":[{"href":"https:\/\/flymedica.com\/de\/wp-json\/wp\/v2\/types\/page"}],"author":[{"embeddable":true,"href":"https:\/\/flymedica.com\/de\/wp-json\/wp\/v2\/users\/1"}],"replies":[{"embeddable":true,"href":"https:\/\/flymedica.com\/de\/wp-json\/wp\/v2\/comments?post=1342"}],"version-history":[{"count":0,"href":"https:\/\/flymedica.com\/de\/wp-json\/wp\/v2\/pages\/1342\/revisions"}],"wp:attachment":[{"href":"https:\/\/flymedica.com\/de\/wp-json\/wp\/v2\/media?parent=1342"}],"curies":[{"name":"wp","href":"https:\/\/api.w.org\/{rel}","templated":true}]}}